{"id":94,"date":"2020-04-01T20:21:35","date_gmt":"2020-04-01T18:21:35","guid":{"rendered":"http:\/\/www.gaebtech.de\/?page_id=94"},"modified":"2020-06-24T20:45:40","modified_gmt":"2020-06-24T18:45:40","slug":"netzteil-ps1","status":"publish","type":"page","link":"https:\/\/www.gaebtech.de\/es\/netzteil-ps1\/","title":{"rendered":"Netzteil PS-1"},"content":{"rendered":"<p><img src=\"http:\/\/www.gaebtech.de\/wp-content\/uploads\/elementor\/thumbs\/IMG_0239_bearbeitet-scaled-onad12ndwcuux0d0e92rzf9wiwj2rkje7yxg5jo10s.jpg\" title=\"PS-1 Outdoor\" alt=\"PS-1 Outdoor\" \/>\t\t\t\t\t\t\t\t\t\t\t<\/p>\n<p>F\u00fcr den Betrieb am 230 Volt Netz steht das Netzteil PS-1 zur Verf\u00fcgung. Die gesamte Technik ist in einem Edelstahlgeh\u00e4use nach IP65 gegen Umwelteinfl\u00fcsse gesch\u00fctzt und kann daher dauerhaft im freien Feld eingesetzt werden. <br \/>Die Stromversorgungseinheit wird in einem daf\u00fcr vorgesehenen Halterahmen auf dem SO-1 platziert. <br \/>Somit ist ein einfacher und sicherer Transport des gesamten Systems zum Einsatzort gew\u00e4hrleistet.<\/p>\n","protected":false},"excerpt":{"rendered":"<p>F\u00fcr den Betrieb am 230 Volt Netz steht das Netzteil PS-1 zur Verf\u00fcgung. Die gesamte Technik ist in einem Edelstahlgeh\u00e4use nach IP65 gegen Umwelteinfl\u00fcsse gesch\u00fctzt und kann daher dauerhaft im freien Feld eingesetzt werden. Die Stromversorgungseinheit wird in einem daf\u00fcr vorgesehenen Halterahmen auf dem SO-1 platziert. Somit ist ein einfacher und sicherer Transport des gesamten [&hellip;]<\/p>\n","protected":false},"author":1,"featured_media":0,"parent":0,"menu_order":0,"comment_status":"closed","ping_status":"closed","template":"","meta":[],"translation":{"provider":"WPGlobus","version":"2.12.2","language":"es","enabled_languages":["de","en","es"],"languages":{"de":{"title":true,"content":true,"excerpt":false},"en":{"title":true,"content":true,"excerpt":false},"es":{"title":false,"content":false,"excerpt":false}}},"_links":{"self":[{"href":"https:\/\/www.gaebtech.de\/es\/wp-json\/wp\/v2\/pages\/94"}],"collection":[{"href":"https:\/\/www.gaebtech.de\/es\/wp-json\/wp\/v2\/pages"}],"about":[{"href":"https:\/\/www.gaebtech.de\/es\/wp-json\/wp\/v2\/types\/page"}],"author":[{"embeddable":true,"href":"https:\/\/www.gaebtech.de\/es\/wp-json\/wp\/v2\/users\/1"}],"replies":[{"embeddable":true,"href":"https:\/\/www.gaebtech.de\/es\/wp-json\/wp\/v2\/comments?post=94"}],"version-history":[{"count":8,"href":"https:\/\/www.gaebtech.de\/es\/wp-json\/wp\/v2\/pages\/94\/revisions"}],"predecessor-version":[{"id":139,"href":"https:\/\/www.gaebtech.de\/es\/wp-json\/wp\/v2\/pages\/94\/revisions\/139"}],"wp:attachment":[{"href":"https:\/\/www.gaebtech.de\/es\/wp-json\/wp\/v2\/media?parent=94"}],"curies":[{"name":"wp","href":"https:\/\/api.w.org\/{rel}","templated":true}]}}