{"id":71,"date":"2020-03-31T18:55:48","date_gmt":"2020-03-31T16:55:48","guid":{"rendered":"http:\/\/www.gaebtech.de\/?page_id=71"},"modified":"2022-04-03T10:05:41","modified_gmt":"2022-04-03T08:05:41","slug":"sound-effect-simulator-so1","status":"publish","type":"page","link":"https:\/\/www.gaebtech.de\/es\/sound-effect-simulator-so1\/","title":{"rendered":"Sound-Effect Simulator SO-1"},"content":{"rendered":"<p><img src=\"http:\/\/www.gaebtech.de\/wp-content\/uploads\/elementor\/thumbs\/IMG_0249-scaled-ondzdvrungyirvsloqt2h7kjw69s2yny37uv1tlc8c.jpg\" title=\"IMG_0249\" alt=\"SO1 Frontansicht\"><\/p>\n<p>Der Sound-Effekt Simulator SO1 wurde entwickelt, um w\u00e4hrend Gefechts\u00fcbungen ein realistisches Ger\u00e4uschfeld w\u00e4hrend Gefechts\u00fcbungen zu erzeugen.<br \/>\nAuf einer SD-Karte hinterlegte Audiodateien k\u00f6nnen hierzu mit bis zu 126dB(A) (in der Standardkonfiguration) abgespielt werden. Im Vergleich zu anderen gasbetriebenen oder mit Platzpatronen arbeitenden Systemen werden keinerlei gef\u00e4hrliche Stoffe zum Betrieb ben\u00f6tigt und es muss im Betrieb am Stromnetz nichts nachgeladen oder nachgef\u00fcllt werden.<br \/>\nWeiterhin arbeitet der SO1 aufgrund der fehlenden mechanisch beanspruchten Teile nahezu wartungsfrei. Bei der Konstruktion wurde auf eine m\u00f6glichst einfache Bedienung Wert gelegt, sodass der SO1 nach einer kurzen Einweisung verwendet werden kann. Das gesamte System ist gesch\u00fctzt in einem stabilen Rahmen untergebracht. Durch Stapelnasen am Rahmen, lassen sich mehrere SO1 f\u00fcr den Transport \u00fcbereinander stapeln.<\/p>\n","protected":false},"excerpt":{"rendered":"<p>Der Sound-Effekt Simulator SO1 wurde entwickelt, um w\u00e4hrend Gefechts\u00fcbungen ein realistisches Ger\u00e4uschfeld w\u00e4hrend Gefechts\u00fcbungen zu erzeugen. Auf einer SD-Karte hinterlegte Audiodateien k\u00f6nnen hierzu mit bis zu 126dB(A) (in der Standardkonfiguration) abgespielt werden. Im Vergleich zu anderen gasbetriebenen oder mit Platzpatronen arbeitenden Systemen werden keinerlei gef\u00e4hrliche Stoffe zum Betrieb ben\u00f6tigt und es muss im Betrieb am [&hellip;]<\/p>\n","protected":false},"author":1,"featured_media":0,"parent":0,"menu_order":0,"comment_status":"closed","ping_status":"closed","template":"","meta":[],"translation":{"provider":"WPGlobus","version":"2.12.2","language":"es","enabled_languages":["de","en","es"],"languages":{"de":{"title":true,"content":true,"excerpt":false},"en":{"title":true,"content":true,"excerpt":false},"es":{"title":false,"content":false,"excerpt":false}}},"_links":{"self":[{"href":"https:\/\/www.gaebtech.de\/es\/wp-json\/wp\/v2\/pages\/71"}],"collection":[{"href":"https:\/\/www.gaebtech.de\/es\/wp-json\/wp\/v2\/pages"}],"about":[{"href":"https:\/\/www.gaebtech.de\/es\/wp-json\/wp\/v2\/types\/page"}],"author":[{"embeddable":true,"href":"https:\/\/www.gaebtech.de\/es\/wp-json\/wp\/v2\/users\/1"}],"replies":[{"embeddable":true,"href":"https:\/\/www.gaebtech.de\/es\/wp-json\/wp\/v2\/comments?post=71"}],"version-history":[{"count":10,"href":"https:\/\/www.gaebtech.de\/es\/wp-json\/wp\/v2\/pages\/71\/revisions"}],"predecessor-version":[{"id":158,"href":"https:\/\/www.gaebtech.de\/es\/wp-json\/wp\/v2\/pages\/71\/revisions\/158"}],"wp:attachment":[{"href":"https:\/\/www.gaebtech.de\/es\/wp-json\/wp\/v2\/media?parent=71"}],"curies":[{"name":"wp","href":"https:\/\/api.w.org\/{rel}","templated":true}]}}